{"id":90,"date":"2017-06-08T17:51:51","date_gmt":"2017-06-08T17:51:51","guid":{"rendered":"http:\/\/kz-gedenken-spaichingen.de\/?page_id=90"},"modified":"2025-10-04T15:47:06","modified_gmt":"2025-10-04T15:47:06","slug":"geschichte","status":"publish","type":"page","link":"https:\/\/kz-gedenken-spaichingen.de\/?page_id=90","title":{"rendered":"Geschichte des KZ"},"content":{"rendered":"<p>Seit dem Jahr 1933 gab es im damaligen Deutschen Reich Konzentrationslager (KL). Der Begriff KL steht f\u00fcr die Arbeits- und Vernichtungslager des NS-Regimes. Die gegen Ende des Krieges rund 1000 Konzentrations- , Nebenlager und sieben Vernichtungslager dienten der Ermordung von Millionen Menschen, der Beseitigung politischer Gegner, der Ausbeutung durch Zwangsarbeit, medizinischen Menschenversuchen und der Internierung von Kriegsgefangenen. Das Lagersystem stellte ein wesentliches Element der nationalsozialistischen Unrechtsherrschaft dar. Weite Zweige der deutschen Industrie profitierten direkt oder indirekt von ihm.<\/p>\n<figure id=\"attachment_92\" aria-describedby=\"caption-attachment-92\" style=\"width: 500px\" class=\"wp-caption alignnone\"><img loading=\"lazy\" decoding=\"async\" class=\"wp-image-92 size-full\" src=\"https:\/\/kz-gedenken-spaichingen.de\/wp-content\/uploads\/2017\/06\/KZ-in-Deutschland.jpg\" alt=\"\" width=\"500\" height=\"342\" srcset=\"https:\/\/kz-gedenken-spaichingen.de\/wp-content\/uploads\/2017\/06\/KZ-in-Deutschland.jpg 500w, https:\/\/kz-gedenken-spaichingen.de\/wp-content\/uploads\/2017\/06\/KZ-in-Deutschland-300x205.jpg 300w\" sizes=\"auto, (max-width: 500px) 100vw, 500px\" \/><figcaption id=\"caption-attachment-92\" class=\"wp-caption-text\">Quelle: Bundeszentrale f\u00fcr politische Bildung<\/figcaption><\/figure>\n<p>In der zweiten Kriegsh\u00e4lfte galt der Arbeitseinsatz als vordringliche Aufgabe der Konzentrationslager.\u00a0 F\u00fcr die Behandlung der H\u00e4ftlinge gab Fritz Sauckel, der nach Ende des Krieges f\u00fcr seine Kriegsverbrechen zum Tode verurteilte Generalbevollm\u00e4chtigte f\u00fcr den Arbeitseinsatz ausl\u00e4ndischer Zwangsarbeiter, die Richtlinie aus: \u201eAlle diese Menschen m\u00fcssen so ern\u00e4hrt, untergebracht und behandelt werden, dass sie bei denkbar sparsamsten Einsatz die gr\u00f6\u00dftm\u00f6gliche Leistung erbringen\u201c<\/p>\n<p>Wie die anderen Konzentrationslager verwaltet auch das KL-Natzweiler ein Netz von \u00fcber 70 Nebenlagern, die in Deutschland, im annektierten Elsass und in zwei F\u00e4llen im besetzten Frankreich lagen.<br \/>\nDas Hauptlager KL Natzweiler-Struthof\u00a0 im besetzten Elsass wurde im Mai 1941 gegr\u00fcndet mit dem Zweck, Arbeitskr\u00e4fte f\u00fcr Steinbrucharbeiten zur Verf\u00fcgung zu stellen.\u00a0 Von dort aus wurden links und rechts des Rheins 33 Au\u00dfenlager aufgebaut. Die H\u00e4ftlinge in diesen Au\u00dfenlagern waren \u00fcberwiegend in der R\u00fcstungsproduktion eingesetzt.<\/p>\n<figure id=\"attachment_93\" aria-describedby=\"caption-attachment-93\" style=\"width: 827px\" class=\"wp-caption alignnone\"><a href=\"https:\/\/kz-gedenken-spaichingen.de\/wp-content\/uploads\/2017\/06\/Karte-KZ-in-Ba-W\u00fc.jpg\"><img loading=\"lazy\" decoding=\"async\" class=\"wp-image-93 size-large\" src=\"https:\/\/kz-gedenken-spaichingen.de\/wp-content\/uploads\/2017\/06\/Karte-KZ-in-Ba-W\u00fc-827x1024.jpg\" alt=\"\" width=\"827\" height=\"1024\" srcset=\"https:\/\/kz-gedenken-spaichingen.de\/wp-content\/uploads\/2017\/06\/Karte-KZ-in-Ba-W\u00fc-827x1024.jpg 827w, https:\/\/kz-gedenken-spaichingen.de\/wp-content\/uploads\/2017\/06\/Karte-KZ-in-Ba-W\u00fc-242x300.jpg 242w, https:\/\/kz-gedenken-spaichingen.de\/wp-content\/uploads\/2017\/06\/Karte-KZ-in-Ba-W\u00fc-768x951.jpg 768w, https:\/\/kz-gedenken-spaichingen.de\/wp-content\/uploads\/2017\/06\/Karte-KZ-in-Ba-W\u00fc.jpg 1773w\" sizes=\"auto, (max-width: 827px) 100vw, 827px\" \/><\/a><figcaption id=\"caption-attachment-93\" class=\"wp-caption-text\">Quelle: Landeszentrale f\u00fcr politische Bildung<\/figcaption><\/figure>\n<p>Nachdem im Sommer 1944 die Westfront an den Vogesenkamm heranr\u00fcckte, kam am 1. September 1944 der Befehl zur R\u00e4umung des Hauptlagers Struthof. Gleichzeitig wurden alle linksrheinischen Au\u00dfenlager evakuiert. Jetzt erst, am 26. September, beginnt die kurze Geschichte des Au\u00dfenlagers Spaichingen.<br \/>\nSchon zu diesem Zeitpunkt hatte die Waffenfabrik &#8222;Mauser&#8220; Teile ihrer Produktion und Forschungseinrichtungen nach Spaichingen verlegt. Der Grund war der Beschuss durch Alliierte Flugzeuge.<\/p>\n<p>Die &#8222;Metallwerke&#8220;, also die Waffenfirma, f\u00fcr die in Spaichingen das Konzentrationslager ab September 1944 betrieben wurde, war aber keineswegs &#8222;nur&#8220; eine lokale Verschiebung.<\/p>\n<p>Denn was \u00fcber viele Jahre scheinbar nahe lag und immer wieder von einem Autor zum anderen kolportiert wurde, stimmt nicht: Die im Februar 1944 gegr\u00fcndeten \u201eMetallwerke\u201c waren kein unter Tarnnamen verlagertes Werk des Oberndorfer R\u00fcstungsunternehmens Mauser, sondern eine Gr\u00fcndung des Deutschen Reiches und damit ein Staatsbetrieb. Und zwar eine in Berlin gegr\u00fcndete GmbH unter Beteiligung von vier m\u00e4chtigen R\u00fcstungsunternehmen im Reich\u00a0Gustloff, Krupp, Mauser und Rheinmetall.<\/p>\n<figure id=\"attachment_95\" aria-describedby=\"caption-attachment-95\" style=\"width: 609px\" class=\"wp-caption alignnone\"><img loading=\"lazy\" decoding=\"async\" class=\"size-full wp-image-95\" src=\"https:\/\/kz-gedenken-spaichingen.de\/wp-content\/uploads\/2017\/06\/Luftaufnahme1945.jpg\" alt=\"Luftaufnahme KZ-.Au\u00dfenlager Spaichingen\" width=\"609\" height=\"407\" srcset=\"https:\/\/kz-gedenken-spaichingen.de\/wp-content\/uploads\/2017\/06\/Luftaufnahme1945.jpg 609w, https:\/\/kz-gedenken-spaichingen.de\/wp-content\/uploads\/2017\/06\/Luftaufnahme1945-300x200.jpg 300w\" sizes=\"auto, (max-width: 609px) 100vw, 609px\" \/><figcaption id=\"caption-attachment-95\" class=\"wp-caption-text\">Luftaufnahme aus dem Jahr 1945 mit den Geb\u00e4uden des<br \/>K.Z.-Au\u00dfenlagers<\/figcaption><\/figure>\n<figure id=\"attachment_96\" aria-describedby=\"caption-attachment-96\" style=\"width: 611px\" class=\"wp-caption alignnone\"><img loading=\"lazy\" decoding=\"async\" class=\"size-full wp-image-96\" src=\"https:\/\/kz-gedenken-spaichingen.de\/wp-content\/uploads\/2017\/06\/InnenstadtSpaichingen-Overlay.jpg\" alt=\"Innenstadt Spaichingen heute + Overlay Lagergeb\u00e4ude\" width=\"611\" height=\"387\" srcset=\"https:\/\/kz-gedenken-spaichingen.de\/wp-content\/uploads\/2017\/06\/InnenstadtSpaichingen-Overlay.jpg 611w, https:\/\/kz-gedenken-spaichingen.de\/wp-content\/uploads\/2017\/06\/InnenstadtSpaichingen-Overlay-300x190.jpg 300w\" sizes=\"auto, (max-width: 611px) 100vw, 611px\" \/><figcaption id=\"caption-attachment-96\" class=\"wp-caption-text\">Innenstadt Spaichingen heute, mit den \u00fcberlagerten Positionen der Lagergeb\u00e4ude.<br \/>Das lange Geb\u00e4ude ist heute der Bereich des Rathauses.<\/figcaption><\/figure>\n<p><a href=\"https:\/\/kz-gedenken-spaichingen.de\/wp-content\/uploads\/2017\/06\/KZ-Lagergeb\u00e4ude.jpg\"><img loading=\"lazy\" decoding=\"async\" class=\"alignnone wp-image-10 size-large\" src=\"https:\/\/kz-gedenken-spaichingen.de\/wp-content\/uploads\/2017\/06\/KZ-Lagergeb\u00e4ude-1024x682.jpg\" alt=\"\" width=\"525\" height=\"350\" srcset=\"https:\/\/kz-gedenken-spaichingen.de\/wp-content\/uploads\/2017\/06\/KZ-Lagergeb\u00e4ude-1024x682.jpg 1024w, https:\/\/kz-gedenken-spaichingen.de\/wp-content\/uploads\/2017\/06\/KZ-Lagergeb\u00e4ude-300x200.jpg 300w, https:\/\/kz-gedenken-spaichingen.de\/wp-content\/uploads\/2017\/06\/KZ-Lagergeb\u00e4ude-768x511.jpg 768w, https:\/\/kz-gedenken-spaichingen.de\/wp-content\/uploads\/2017\/06\/KZ-Lagergeb\u00e4ude.jpg 2048w\" sizes=\"auto, (max-width: 525px) 100vw, 525px\" \/><\/a><\/p>\n<p>Die H\u00e4ftlingszahl in Spaichingen schwankte zwischen 100 und 400 Gefangenen. Viele Insassen des Lagers kamen nicht mehr aus dem Elsass, sondern wurden aus anderen rechtsrheinischen\u00a0 Lagern nach Spaichingen \u00fcberstellt, viele davon aus den Lagern des \u201eUnternehmen W\u00fcste\u201c , z.B. aus Sch\u00f6mberg.<\/p>\n<p>Entsprechend dem Verlauf der letzten Kriegsmonate begann das NS-Regime die Evakuierung der Au\u00dfenlagerh\u00e4ftlinge in Richtung Dachau &#8211; etwa 20000 Menschen aus dem s\u00fcddeutschen Raum. Am 17. und 18. April 1945 begann der sogenannte Todesmarsch der Spaichinger H\u00e4ftlinge in Richtung Dachau und zur \u201eAlpenfestung\u201c.<\/p>\n<p><a href=\"https:\/\/commons.wikimedia.org\/w\/index.php?curid=4300943\"><img loading=\"lazy\" decoding=\"async\" src=\"https:\/\/upload.wikimedia.org\/wikipedia\/commons\/f\/f3\/Todesmarsch_Krailling.jpg\" alt=\"\" width=\"533\" height=\"800\" \/><\/a><\/p>\n<p>Gedenkstein in Krailling f\u00fcr einen Todesmarsch vom KZ Dachau aus.Bildhauer: Hubertus von Pilgrim<\/p>\n<p>Foto:\u00a0 By Furukama (Own work) [<a href=\"http:\/\/www.gnu.org\/copyleft\/fdl.html\">GFDL<\/a> or <a href=\"http:\/\/creativecommons.org\/licenses\/by-sa\/3.0\">CC BY-SA 3.0<\/a>], <a href=\"https:\/\/commons.wikimedia.org\/wiki\/File%3ATodesmarsch_Krailling.jpg\">via Wikimedia Commons<\/a><\/p>\n","protected":false},"excerpt":{"rendered":"<p>Seit dem Jahr 1933 gab es im damaligen Deutschen Reich Konzentrationslager (KL). Der Begriff KL steht f\u00fcr die Arbeits- und Vernichtungslager des NS-Regimes. Die gegen Ende des Krieges rund 1000 Konzentrations- , Nebenlager und sieben Vernichtungslager dienten der Ermordung von Millionen Menschen, der Beseitigung politischer Gegner, der Ausbeutung durch Zwangsarbeit, medizinischen Menschenversuchen und der Internierung [&hellip;]<\/p>\n","protected":false},"author":1,"featured_media":0,"parent":86,"menu_order":0,"comment_status":"closed","ping_status":"closed","template":"","meta":{"footnotes":""},"class_list":["post-90","page","type-page","status-publish","hentry"],"_links":{"self":[{"href":"https:\/\/kz-gedenken-spaichingen.de\/index.php?rest_route=\/wp\/v2\/pages\/90","targetHints":{"allow":["GET"]}}],"collection":[{"href":"https:\/\/kz-gedenken-spaichingen.de\/index.php?rest_route=\/wp\/v2\/pages"}],"about":[{"href":"https:\/\/kz-gedenken-spaichingen.de\/index.php?rest_route=\/wp\/v2\/types\/page"}],"author":[{"embeddable":true,"href":"https:\/\/kz-gedenken-spaichingen.de\/index.php?rest_route=\/wp\/v2\/users\/1"}],"replies":[{"embeddable":true,"href":"https:\/\/kz-gedenken-spaichingen.de\/index.php?rest_route=%2Fwp%2Fv2%2Fcomments&post=90"}],"version-history":[{"count":8,"href":"https:\/\/kz-gedenken-spaichingen.de\/index.php?rest_route=\/wp\/v2\/pages\/90\/revisions"}],"predecessor-version":[{"id":1390,"href":"https:\/\/kz-gedenken-spaichingen.de\/index.php?rest_route=\/wp\/v2\/pages\/90\/revisions\/1390"}],"up":[{"embeddable":true,"href":"https:\/\/kz-gedenken-spaichingen.de\/index.php?rest_route=\/wp\/v2\/pages\/86"}],"wp:attachment":[{"href":"https:\/\/kz-gedenken-spaichingen.de\/index.php?rest_route=%2Fwp%2Fv2%2Fmedia&parent=90"}],"curies":[{"name":"wp","href":"https:\/\/api.w.org\/{rel}","templated":true}]}}