{"id":86,"date":"2017-06-08T15:44:41","date_gmt":"2017-06-08T15:44:41","guid":{"rendered":"http:\/\/kz-gedenken-spaichingen.de\/?page_id=86"},"modified":"2025-10-04T16:48:12","modified_gmt":"2025-10-04T16:48:12","slug":"intro","status":"publish","type":"page","link":"https:\/\/kz-gedenken-spaichingen.de\/","title":{"rendered":"Intro"},"content":{"rendered":"<div id=\"pl-86\"  class=\"panel-layout\" ><div id=\"pg-86-0\"  class=\"panel-grid panel-has-style\" ><div style=\"padding: 100px 0; \" data-overlay=\"true\" class=\"panel-row-style panel-row-style-for-86-0\" ><div id=\"pgc-86-0-0\"  class=\"panel-grid-cell\" ><div id=\"panel-86-0-0-0\" class=\"so-panel widget widget_sow-editor panel-first-child\" data-index=\"0\" ><div style=\"text-align: left;\" data-title-color=\"#443f3f\" data-headings-color=\"#443f3f\" class=\"panel-widget-style panel-widget-style-for-86-0-0-0\" ><div class=\"so-widget-sow-editor so-widget-sow-editor-base\">\n<div class=\"siteorigin-widget-tinymce textwidget\">\n\t<p>Das KZ Spaichingen diente dem Bau einer neuen Waffenfabrik. Diese \"Metallwerke GmbH\" wurden als Staatsbetrieb durch das Ministerium Speer in Berlin unter Beteiligung der R\u00fcstungsfirmen Mauser, Gustloff, Rheinmetall und Krupp gegr\u00fcndet.<\/p>\n<p>Die Gefangenen wurden von\u00a0der Waffenfabrik angefordert und aus anderen gro\u00dfen Konzentrationslagern \u00fcberwiesen.<\/p>\n<\/div>\n<\/div><\/div><\/div>\n\t\t<div id=\"panel-86-0-0-1\" class=\"so-panel widget widget_recent-posts widget_recent_entries\" data-index=\"1\" ><div style=\"text-align: left;\" data-title-color=\"#443f3f\" data-headings-color=\"#443f3f\" class=\"panel-widget-style panel-widget-style-for-86-0-0-1\" >\n\t\t<h3 class=\"widget-title\">Aktuell<\/h3>\n\t\t<ul>\n\t\t\t\t\t\t\t\t\t\t\t<li>\n\t\t\t\t\t<a href=\"https:\/\/kz-gedenken-spaichingen.de\/?p=1445\">Sie wurden ermordet, weil sie krank waren &#8211; Einladung zur Exkursion am 7.3.2026<\/a>\n\t\t\t\t\t\t\t\t\t<\/li>\n\t\t\t\t\t\t\t\t\t\t\t<li>\n\t\t\t\t\t<a href=\"https:\/\/kz-gedenken-spaichingen.de\/?p=1422\">Verein trauert um sein Gr\u00fcndungsmitglied Liselotte Keil (26.8.1930 &#8211; 4.2.2026)<\/a>\n\t\t\t\t\t\t\t\t\t<\/li>\n\t\t\t\t\t\t\t\t\t\t\t<li>\n\t\t\t\t\t<a href=\"https:\/\/kz-gedenken-spaichingen.de\/?p=1379\">\u201eZu Ende \u2013 aber nicht vorbei\u201c \u2013 Eva Kiss \u00fcber das Trauma ihres Vaters \u2013 und ihr eigenes<\/a>\n\t\t\t\t\t\t\t\t\t<\/li>\n\t\t\t\t\t\t\t\t\t\t\t<li>\n\t\t\t\t\t<a href=\"https:\/\/kz-gedenken-spaichingen.de\/?p=1317\">Rede zur Mahnwache von Tamara Stoll in Spaichingen, 21.02.2025<\/a>\n\t\t\t\t\t\t\t\t\t<\/li>\n\t\t\t\t\t\t\t\t\t\t\t<li>\n\t\t\t\t\t<a href=\"https:\/\/kz-gedenken-spaichingen.de\/?p=1184\">Redebeitr\u00e4ge von der Demo Gemeinsam f\u00fcr Menschenrechte &#038; Demokratie am 1.M\u00e4rz 2024<\/a>\n\t\t\t\t\t\t\t\t\t<\/li>\n\t\t\t\t\t<\/ul>\n\n\t\t<\/div><\/div><div id=\"panel-86-0-0-2\" class=\"so-panel widget widget_sow-button panel-last-child\" data-index=\"2\" ><div style=\"text-align: left;\" data-title-color=\"#443f3f\" data-headings-color=\"#443f3f\" class=\"panel-widget-style panel-widget-style-for-86-0-0-2\" ><div class=\"so-widget-sow-button so-widget-sow-button-atom-0accc3d4c5aa\"><div class=\"ow-button-base ow-button-align-center\">\n\t<a href=\"https:\/\/kz-gedenken-spaichingen.de\/wp-content\/uploads\/2020\/05\/KZ-Denkmal-Spaichingen-1.mp4\" class=\"ow-icon-placement-left ow-button-hover\" target=\"_blank\" rel=\"noopener noreferrer\" \t\t>\n\t\t<span>\n\t\t\t\n\t\t\tVideo \u00fcber die Spaichinger KZ-Gedenkst\u00e4tte\t\t<\/span>\n\t<\/a>\n<\/div>\n<\/div><\/div><\/div><\/div><\/div><\/div><\/div>","protected":false},"excerpt":{"rendered":"<p>Das KZ Spaichingen diente dem Bau einer neuen Waffenfabrik. Diese &#8222;Metallwerke GmbH&#8220; wurden als Staatsbetrieb durch das Ministerium Speer in Berlin unter Beteiligung der R\u00fcstungsfirmen Mauser, Gustloff, Rheinmetall und Krupp gegr\u00fcndet. Die Gefangenen wurden von\u00a0der Waffenfabrik angefordert und aus anderen gro\u00dfen Konzentrationslagern \u00fcberwiesen.<\/p>\n","protected":false},"author":1,"featured_media":0,"parent":0,"menu_order":0,"comment_status":"closed","ping_status":"closed","template":"","meta":{"footnotes":""},"class_list":["post-86","page","type-page","status-publish","hentry"],"_links":{"self":[{"href":"https:\/\/kz-gedenken-spaichingen.de\/index.php?rest_route=\/wp\/v2\/pages\/86","targetHints":{"allow":["GET"]}}],"collection":[{"href":"https:\/\/kz-gedenken-spaichingen.de\/index.php?rest_route=\/wp\/v2\/pages"}],"about":[{"href":"https:\/\/kz-gedenken-spaichingen.de\/index.php?rest_route=\/wp\/v2\/types\/page"}],"author":[{"embeddable":true,"href":"https:\/\/kz-gedenken-spaichingen.de\/index.php?rest_route=\/wp\/v2\/users\/1"}],"replies":[{"embeddable":true,"href":"https:\/\/kz-gedenken-spaichingen.de\/index.php?rest_route=%2Fwp%2Fv2%2Fcomments&post=86"}],"version-history":[{"count":58,"href":"https:\/\/kz-gedenken-spaichingen.de\/index.php?rest_route=\/wp\/v2\/pages\/86\/revisions"}],"predecessor-version":[{"id":1411,"href":"https:\/\/kz-gedenken-spaichingen.de\/index.php?rest_route=\/wp\/v2\/pages\/86\/revisions\/1411"}],"wp:attachment":[{"href":"https:\/\/kz-gedenken-spaichingen.de\/index.php?rest_route=%2Fwp%2Fv2%2Fmedia&parent=86"}],"curies":[{"name":"wp","href":"https:\/\/api.w.org\/{rel}","templated":true}]}}